{"id":53,"date":"2023-05-30T21:36:07","date_gmt":"2023-05-31T00:36:07","guid":{"rendered":"https:\/\/aproximacoes.com.br\/?page_id=53"},"modified":"2023-08-01T12:17:07","modified_gmt":"2023-08-01T15:17:07","slug":"artistas","status":"publish","type":"page","link":"https:\/\/aproximacoes.com.br\/?page_id=53","title":{"rendered":"Artistas"},"content":{"rendered":"\t\t<div data-elementor-type=\"wp-page\" data-elementor-id=\"53\" class=\"elementor elementor-53\">\n\t\t\t\t\t\t<section class=\"elementor-section elementor-top-section elementor-element elementor-element-5933e48 elementor-section-boxed elementor-section-height-default elementor-section-height-default\" data-id=\"5933e48\" data-element_type=\"section\">\n\t\t\t\t\t\t<div class=\"elementor-container elementor-column-gap-default\">\n\t\t\t\t\t<div class=\"elementor-column elementor-col-100 elementor-top-column elementor-element elementor-element-0e5b1c4\" data-id=\"0e5b1c4\" data-element_type=\"column\">\n\t\t\t<div class=\"elementor-widget-wrap elementor-element-populated\">\n\t\t\t\t\t\t<div class=\"elementor-element elementor-element-70a8585 elementor-widget elementor-widget-text-editor\" data-id=\"70a8585\" data-element_type=\"widget\" data-widget_type=\"text-editor.default\">\n\t\t\t\t<div class=\"elementor-widget-container\">\n\t\t\t<style>\/*! elementor - v3.21.0 - 26-05-2024 *\/\n.elementor-widget-text-editor.elementor-drop-cap-view-stacked .elementor-drop-cap{background-color:#69727d;color:#fff}.elementor-widget-text-editor.elementor-drop-cap-view-framed .elementor-drop-cap{color:#69727d;border:3px solid;background-color:transparent}.elementor-widget-text-editor:not(.elementor-drop-cap-view-default) .elementor-drop-cap{margin-top:8px}.elementor-widget-text-editor:not(.elementor-drop-cap-view-default) .elementor-drop-cap-letter{width:1em;height:1em}.elementor-widget-text-editor .elementor-drop-cap{float:left;text-align:center;line-height:1;font-size:50px}.elementor-widget-text-editor .elementor-drop-cap-letter{display:inline-block}<\/style>\t\t\t\t<h5><span style=\"color: #000000;\"><strong>Artistas Convidados<\/strong><\/span><\/h5><p><span style=\"color: #000000;\"><strong>\u00a0<\/strong><\/span><span style=\"color: #000000;\"><strong>\u00a0<\/strong><\/span><\/p><h6><span style=\"color: #000000;\"><strong>Ed<\/strong><b>mar Almeida<\/b><\/span><\/h6><p><span style=\"color: #000000;\">Edmar Almeida \u00e9 artista e curador do projeto, p\u00f3s-graduado em processos art\u00edsticos pelo Unijales. Nasceu em Jales-SP, morou em Vit\u00f3ria Brasil e hoje mora em Caieiras- SP. \u00c9 diretor criativo da Bee Audiovisual Produ\u00e7\u00f5es Culturais, na qual atua desde 2012. \u00c9 artista, pesquisador, xilogravurista, performer e relaciona o corpo, mat\u00e9ria e espa\u00e7o. Participou de cinco importantes resid\u00eancias art\u00edsticas no Brasil e de cinco exposi\u00e7\u00f5es individuais: \u201cCorpo em Tr\u00e2nsito\u201d, \u201cOvulog\u00eaneses\u201d, \u201cEstratigrafias do corpo\u201d, &#8220;Xilo Juca&#8221; e &#8220;Raizes&#8221;.\u00a0 Exp\u00f4s na 1<sup>a<\/sup> e 2<sup>a<\/sup> Bienais da Am\u00e9rica de Gravura, e em uma grande mostra de gravura na Argentina. Participou, em 2018, de uma resid\u00eancia art\u00edstica na FUNARTE-SP e, em 2019, do Projeto \u201cOrganicidades\u201d, via ProAc Munic\u00edpios, em Franco da Rocha-SP. Foi convidado da resid\u00eancia art\u00edstica coletiva \u201cEm resid\u00eancia: Bauru\u201d. Em 2020, participou como artista convidado do 3\u00ba Festival Soy loco por ti Juquery e do 2\u00ba Semin\u00e1rio Cultura e Sa\u00fade do Museu de Arte Os\u00f3rio Cesar em parceria com o Living Museum Society and Psychiatrie Sr. Gallen Nord. Em 2021, apresentou o projeto \u201cXilo Juca\u201d (ocupando com xilogravuras em larga escala outdoors veiculado na cidade de\u00a0 Franco da Rocha), contemplado pela Lei Aldir Blanc do Munic\u00edpio e uma exposi\u00e7\u00e3o de arte imersiva chamada \u201cEstratigrafias do corpo\u201d, na programa\u00e7\u00e3o do Festival Oxandonline, e posteriormente ProAc. Foi artista premiado no 17\u00ba Sal\u00e3o Nacional de Arte Contempor\u00e2nea de Guarulhos (2022) pelo j\u00fari popular, somando \u00e0 cole\u00e7\u00e3o p\u00fablica do munic\u00edpio. Em 2022, foi contemplado pelo edital 15\/2022 de exposi\u00e7\u00e3o in\u00e9dita em Artes Visuais com o projeto \u201cAproxima\u00e7\u00f5es: di\u00e1logos contempor\u00e2neos com o acervo do Museu de Arte Os\u00f3rio Cesar. Em 2023 \u00e9 convidado a compor a Comiss\u00e3o de Acordo de Parceria entre o Parque Estadual do Juquery e Prefeitura de Franco da Rocha, e na presente ocasi\u00e3o abre a exposi\u00e7\u00e3o individual \u201cRa\u00edzes\u201d, a primeira do Parque Estadual do Juquery no segmento art\u00edstico.<\/span><\/p><p><span style=\"color: #000000;\">Instagram @edmaralmeidart @bee_audioarte<\/span><\/p><h6><span style=\"color: #000000;\"><strong>F<\/strong><b>ernando Limberger<\/b><\/span><\/h6><p><span style=\"color: #000000;\">Fernando Limberger \u00e9 artista pl\u00e1stico e paisagista. Graduado em Artes Pl\u00e1sticas pelo IA UFRGS, em Porto Alegre, em 1985. Iniciou sua pesquisa art\u00edstica em meados dos anos 1980, quando come\u00e7a a trabalhar em diferentes meios como desenho, pintura, escultura, instala\u00e7\u00e3o e interven\u00e7\u00e3o. A partir dos anos 2000 passa a realizar projetos em paisagismo. Foi membro fundador do grupo <em>Arte Construtora<\/em> que atuou nos anos 1990 nas cidades de Porto Alegre, S\u00e3o Paulo e Rio de Janeiro e do <em>JAMAC &#8211; Jardim Miriam Arte Clube<\/em>, no in\u00edcio dos anos 2000, em S\u00e3o Paulo. Recebeu os Pr\u00eamios <em>Espa\u00e7o Urbano Espa\u00e7o Arte<\/em> &#8211; Prefeitura Municipal de Porto Alegre, 1992; <em>Incentivo<\/em> &#8211; Brazil Foundation, 2005 e <em>CCBB Contempor\u00e2neo<\/em>, CCBB RJ, 2015. Nos \u00faltimos anos apresentou as exposi\u00e7\u00f5es individuais <em>Verde e Amarelo<\/em>, CCSP, 2008; <em>Desmoronamento, Azul<\/em>, CCBB RJ 2015; <em>Conten\u00e7\u00e3o Verde e Bot\u00e2nica SP<\/em>, Pinacoteca SP, 2016; <em>Relicto,<\/em> Museu da Cidade SP, 2020; <em>Floresta?<\/em>, Oficina Cultural Oswald de Andrade, S\u00e3o Paulo, 2021, e <em>Ocupa\u00e7\u00e3o Crom\u00e1tica<\/em>, Pinacoteca Aldo Locatelli, Porto Alegre, 2021, e participou das exposi\u00e7\u00f5es coletivas <em>1\u00aa<\/em> e <em>8\u00aa Bienal do Mercosul<\/em>, Porto Alegre, 1997 e 2011; <em>Ecol\u00f3gica<\/em>, MAM, S\u00e3o Paulo, 2010; <em>Amaz\u00f4nia: Os Novos Viajantes<\/em>, MuBE, S\u00e3o Paulo, 2018; <em>Zona da Mata<\/em>, MAC USP, S\u00e3o Paulo, 2021 e <em>Pedra Viva: Serra da Capivara<\/em>, MuBE, S\u00e3o Paulo, 2023. Publicou o livro <em>Relicto<\/em>, editado pelo Museu da Cidade de S\u00e3o Paulo e Autom\u00e1tica, 2022.<\/span><\/p><h6><span style=\"color: #000000;\"><strong>Jp Accacio<\/strong><\/span><\/h6><p><span style=\"color: #000000;\">Artista transm\u00eddia, produzo trabalhos em fotografia, v\u00eddeo, som, instala\u00e7\u00f5es, performance e artes gr\u00e1ficas. Minha pesquisa investiga as possibilidades de di\u00e1logo envolvendo elementos naturais e humanos, a coexist\u00eancia entre diferentes meios e linguagens e a constitui\u00e7\u00e3o da imagem sob o prisma da constru\u00e7\u00e3o temporal, espacial e narrativa.<\/span><\/p><p><span style=\"color: #000000;\">Dentre os principais temas de meu interesse est\u00e3o as rela\u00e7\u00f5es entre o espa\u00e7o e o audiovisual, os experimentos envolvendo elementos e paisagens do universo natural, o uso de equipamentos e tecnologias diversas e de \u00e9pocas distintas e a confec\u00e7\u00e3o de trabalhos contendo t\u00e9cnicas h\u00edbridas.<\/span><\/p><p><span style=\"color: #000000;\">Venho participando de mostras e apresenta\u00e7\u00f5es no Brasil e exterior desde 2012. Realizei exposi\u00e7\u00f5es em locais como Casa de Cultura do Parque, Memorial da Am\u00e9rica Latina, Museu de Arte de Ribeir\u00e3o Preto, Paadman Projects, Pinacoteca de S\u00e3o Bernardo do Campo, Museu de Arte Os\u00f3rio Cesar, Espa\u00e7o Cultural Correios Niter\u00f3i, galerias de arte contempor\u00e2nea e espa\u00e7os independentes de arte. Venho participando de resid\u00eancias art\u00edsticas pelo Brasil desde 2016. Sou idealizador e curador do projeto de ocupa\u00e7\u00e3o <em>imag\u00e9tica Entranhamentos<\/em> e do festival <em>Experimentos Expandidos<\/em>, e possuo uma obra pertencente \u00e0 Cole\u00e7\u00e3o de Arte da Cidade de S\u00e3o Paulo, sob guarda do Centro Cultural S\u00e3o Paulo (CCSP).<\/span><\/p><p><span style=\"color: #000000;\"><a style=\"color: #000000;\" href=\"http:\/\/www.jpaccacio.com\"><em>www.jpaccacio.com<\/em><\/a><\/span><\/p><h6><span style=\"color: #000000;\"><strong>Marcelo Bressanin<\/strong><\/span><\/h6><p><span style=\"color: #000000;\">Desde 2010, Marcelo Bressanin atua como artista conceitual e dedica suas pesquisas \u00e0 arte sonora e a suas rela\u00e7\u00f5es com outras linguagens, em performances, instala\u00e7\u00f5es e outros formatos. Entre 2013 e 2017 integrou o coletivo DUO b, em parceria com Pedro Ricco, com o qual participou de resid\u00eancias art\u00edsticas, de mostras individuais e coletivas e de projetos colaborativos. Participou dos programas de resid\u00eancia art\u00edstica Em Resid\u00eancia: Bauru (Bauru, 2020), Organicidades (Franco da Rocha, 2019), Toda la Teoria del Universo (Chile, out\/nov 2018), Soy loco por ti Juquery (S\u00e3o Paulo, junho\/2018), La Ira de Dios (Buenos Aires), Resid\u00eancia de Cria\u00e7\u00e3o TSONAMI de Arte Sonora (Chile, nov\/dez 2017) e Obras em Constru\u00e7\u00e3o (Casa das Caldeiras, S\u00e3o Paulo, 2015 e 2016). Tamb\u00e9m em 2016 realizou sua primeira colabora\u00e7\u00e3o internacional com o artista chileno Cristian Espinoza, no projeto Corredor Eletromagn\u00e9tico Paulista, financiado pelo Fondo Nacional de Desarollo Cultural y las Artes \u2013 FONDART (Chile). Foi contemplado pelo Edital PROAC Editais 2019 na modalidade Produ\u00e7\u00e3o de Exposi\u00e7\u00e3o In\u00e9ditas em Artes Visuais e premiado pelo Programa de A\u00e7\u00e3o Cultural do Governo do Estado de S\u00e3o Paulo, na modalidade Artes Integradas (2015), para o desenvolvimento da instala\u00e7\u00e3o interativa Tempestade, em parceria com Matheus Leston, Victor L\u00e9guy e JpAccacio. \u00c9 mestre pelo Programa de P\u00f3s-Gradua\u00e7\u00e3o em M\u00eddia e Tecnologia (PPGMiT), na Faculdade de Arquitetura, Artes, Comunica\u00e7\u00e3o e Design da Unesp Bauru e mestre em Hist\u00f3ria pela Universidade Estadual de Campinas \u2013 Unicamp. Como curador, foi respons\u00e1vel pelos projetos Cinerama (Sesc Campinas, 2016), M\u00fasica &amp; Tecnologia (Sesc Vila Mariana, 2016), Co_Operar (Sesc Belenzinho, 2014), Mostra Sesc de Artes 2007 \u2013 Circula\u00e7\u00f5es, Game Cultura (Sesc Pomp\u00e9ia, 2005) e pelo acompanhamento cr\u00edtico da obra \u201cEscape para outra est\u00e1tica\u201d, de Ricardo Carioba (MIS SP, 2010).<\/span><\/p><p><span style=\"color: #000000;\"><a style=\"color: #000000;\" href=\"https:\/\/marcelobressanin.wordpress.com\">https:\/\/marcelobressanin.wordpress.com<\/a><\/span><\/p><h6><span style=\"color: #000000;\"><strong>Marilia Vasconcellos<\/strong><\/span><\/h6><p><span style=\"color: #000000;\">Marilia Vasconcellos \u00e9 artista pl\u00e1stica, site specific e fot\u00f3grafa profissional (formada em Fotografia pela Faculdade Senac de Comunica\u00e7\u00e3o e Artes) especializada em retrato e arquitetura. Em constante pesquisa e com a utiliza\u00e7\u00e3o livre de t\u00e9cnicas tradicionais \u00e0 contempor\u00e2neas, sua trajet\u00f3ria se marca por processos experimentais e h\u00edbridos, tendo recebido sete pr\u00eamios junto \u00e0 Secretaria de Cultura do Estado de S\u00e3o Paulo, realizado exposi\u00e7\u00f5es individuais e coletivas pelo Brasil e integrado exposi\u00e7\u00f5es internacionais itinerantes pela Am\u00e9rica do Sul e Europa (Argentina, \u00c1ustria, Gr\u00e9cia, Portugal, Espanha, Fran\u00e7a e It\u00e1lia). Como artista pl\u00e1stica participou das resid\u00eancias art\u00edsticas Em resid\u00eancia: Bauru (Proac 2021), Organicidades (Franco da Rocha, 2019), Soy loco por ti Juquery (S\u00e3o Paulo, 2018). Entre os projetos internacionais participou como fot\u00f3grafa e co-criadora do projeto site-specific \u201c4 Aces\u201d no Hofburg em Viena em parceria com a Ars Electronica. Produziu pelo Inflexos Transcorpo tr\u00eas pe\u00e7as sonoras apresentadas em duas edi\u00e7\u00f5es do IN-SONORA em Madrid no Museu Nacional Centro de Arte Reina Sofia e La Casa Encendida. Exp\u00f4s no ATHENS Video Art Festival e no 27th Festival Les Instants Vid\u00e9o: \u00ab For a free circulation of bodies and desires \u00bb.<\/span><\/p><p><span style=\"color: #000000;\"><a style=\"font-family: var( --e-global-typography-text-font-family ), Sans-serif; background-color: #ffffff; color: #000000;\" href=\"https:\/\/mariliavasconcellos.com.br\" target=\"_blank\" rel=\"noopener\">https:\/\/mariliavasconcellos.com.br<\/a><\/span><\/p><h6><span style=\"color: #000000;\"><b>Maura de Andrade<\/b><\/span><\/h6><p><span style=\"color: #000000;\">Mestre em Po\u00e9ticas Visuais pela Faculdade de Comunica\u00e7\u00f5es e Artes da Universidade de S\u00e3o Paulo, a artista expressa-se atrav\u00e9s de diversas t\u00e9cnicas na reprodu\u00e7\u00e3o da imagem impressa, exploradas pela gravura e fotografia. Sua pesquisa e produ\u00e7\u00e3o art\u00edstica evidenciam o interesse pela representa\u00e7\u00e3o da natureza, coletando e registrando em seus cadernos de desenhos fragmentos de seu entorno, que poder\u00e3o se tornar as pr\u00f3ximas gravuras. Recebeu o Pr\u00eamio Aquisi\u00e7\u00e3o na 5\u00aa Bienal Nacional de Gravura de Santo Andr\u00e9 e desde 2010 \u00e9 proponente de projetos individuais e coletivos, premiada pela Funarte e ProAc com os seguintes projetos: \u201cEntre Serras e \u00c1guas \u2014 mem\u00f3ria e poesia\u201d, Pr\u00eamio Funarte Decentrarte 2020; \u201cLugares da Mem\u00f3ria\u201d \u2013 Pr\u00eamio Editora\u00e7\u00e3o de Conte\u00fado Cultural \u2013 ProAc em 2016; \u201cConversa Gr\u00e1fica\u201d \u2013 Pr\u00eamio ProAc 22 \u2013 Arte Visuais \u2013 2012; \u201cMapas de Influ\u00eancias\u201d \u2013 Pr\u00eamio Funarte \u2013 Po\u00e9ticas Visuais \u2013 2012; \u201cDi\u00e1logos \u2013 um olhar na escola de xilogravura do Horto\u201d \u2013 Pr\u00eamio ProAc 21 \u2013 2011; \u201cCircula\u00e7\u00e3o Gr\u00e1fica\u201d \u2013 Pr\u00eamio ProAc 21 \u2013 Artes Visuais \u2013 2011; \u201cCaixa Umburana\u201d \u2013 Pr\u00eamio Funarte \u2013 Po\u00e9ticas Visuais \u2013 2010-2011<\/span><\/p><p><span style=\"color: #000000;\">Suas obras fazem parte de cole\u00e7\u00f5es particulares, destacando-se a Galeria Graphias, a Galeria Gravura Brasileira e cole\u00e7\u00f5es p\u00fablicas nacionais e internacionais: Biblioteca Nacional do Rio de Janeiro (Brasil), Biblioteca M\u00e1rio de Andrade \u2013 S\u00e3o Paulo (Brasil), Biblioteca Reina Sofia (Espanha), Biblioteca Geral da Universidade de Coimbra (Portugal), Biblioteca Municipal Almeida Garrett (Porto, Portugal), Biblioteca Nacional de Portugal (Lisboa), Centro Cultural Vergueiro \u2013 S\u00e3o Paulo (Brasil), Instituto Martius- Staden \u2013 Ci\u00eancia, Letras e Interc\u00e2mbio Cultural Alem\u00e3o-Brasileiro, Museu Castiglione e Centro de Arte D\u00e9dalo \u2013 It\u00e1lia, Museu Casa da Xilogravura em Campos do Jord\u00e3o (Brasil), Museu do Estado de Pernambuco \u2013 MEPE (Brasil), Museu N\u00f4made da Gravura \u2013 (Argentina), Centro de museus em Acqui Term (It\u00e1lia), Galeria de Arte Aldo Locatelli \u2013 Porto Alegre (Brasil), Pinacoteca do Estado de S\u00e3o Paulo \u2013 S\u00e3o Paulo (Brasil), Prefeitura de Santo Andr\u00e9, SP (Brasil), Universidade Estadual Paulista \u2013 UNESP (Brasil), Universidade de S\u00e3o Paulo \u2013 USP \u2013 (Brasil), Universidade Aut\u00f4noma de Nuevo Le\u00f3n Monterrey (M\u00e9xico)<\/span><\/p><p><span style=\"color: #000000;\">Exposi\u00e7\u00f5es em destaque: 2023 \u2013 Internation Exhibition Xilo Ex-Libris Brazil 2022 \u2013 Museu Casa da Xilogravura \u2013 Campos do Jord\u00e3o \u2013 Brasil. 2020 \u2013 10\u00aa Bienal Internacional de Gravura do Douro \u2013 Douro \u2013 Portugal. 2019 &#8211; Metropolis &#8211; projeto internacional de livro de artista. 2014 \u2013 Exposi\u00e7\u00e3o &#8220;Brazilian Contemporary Printmakers&#8221; \u2013 IPCNY\u2013 International Print Center New York, USA. 2013 \u2013 Express\u00e3o Tropical \u2013 ECKE GALERIE \u2013 Augsburg \u2013 Alemanha. 2011 \u2013 29\u00aa Bienal Internacional de Artes de S\u00e3o Paulo, intitulada \u201cLonge Daqui, Aqui Mesmo\u201d, composta por publica\u00e7\u00f5es de livros de artista, constitu\u00edda por Maril\u00e1 Dardot e Fabio Morais.<\/span><\/p><p><span style=\"color: #000000;\"><a style=\"color: #000000;\" href=\"https:\/\/mauraandrade.wordpress.com\" target=\"_blank\" rel=\"noopener\">https:\/\/mauraandrade.wordpress.com<\/a><\/span><\/p><h6><span style=\"color: #000000;\"><strong>R<\/strong><b>enato Almeida<\/b><\/span><\/h6><p><span style=\"color: #000000;\">De fam\u00edlia nordestina e oper\u00e1ria, nascido em Itaquera, bairro da periferia de S\u00e3o Paulo, Doutor em Artes Visuais pela Unicamp na linha de pesquisa de Po\u00e9ticas Visuais, Mestre em Artes Visuais e Especialista em Artes Visuais \u2013 com foco em arte contempor\u00e2nea pela mesma institui\u00e7\u00e3o. Como professor, artista visual e pesquisador, tem interesses por temas como arte contempor\u00e2nea, arte no espa\u00e7o p\u00fablico, arte e pol\u00edtica, site specific, racioc\u00ednio escult\u00f3rico e desenho.<\/span><\/p><p><span style=\"color: #000000;\">Exposi\u00e7\u00f5es recentes: Realiza\u00e7\u00e3o da performance \u201cAusente\u201d, comissionada e realizada em parceria com o SESC Avenida Paulista. A a\u00e7\u00e3o ocorreu no espa\u00e7o urbano da cidade, em frente \u00e0 unidade de mesmo nome, nos dias 1 e 14 de maio de 2023. Participa\u00e7\u00e3o em exposi\u00e7\u00e3o coletiva MUSEUM MUSEUM, no Instituto ARTIUM, com duas obras da s\u00e9rie \u201cM\u00ednimos escult\u00f3ricos em metal e concreto\u201d (2020-2023), no per\u00edodo de 17 de mar\u00e7o a 17 de abril de 2023. Resid\u00eancia Art\u00edstica: Participa\u00e7\u00e3o em Resid\u00eancia UberBau House, com o projeto Gloss\u00e1rio do Bom Colonizador \u2013 2023, realizada na cidade de S\u00e3o Paulo, no edif\u00edcio Copan, no per\u00edodo de 9 a 17 de fevereiro 2023. Exposi\u00e7\u00e3o coletiva: participa\u00e7\u00e3o em exposi\u00e7\u00e3o coletiva no Museu Gaia \u2013 Campinas, com dois trabalhos da s\u00e9rie \u201cPrec\u00e1rios\u201d (2020\u2013<em>in progress<\/em>), tr\u00eas obra da s\u00e9rie \u201cArte pra mim\u201d (ou \u201cTextos concretos\u201d) (2021\u2013<em>in progress<\/em>), tr\u00eas obras da s\u00e9rie \u201cCarne e Pedra\u201d (2020-2022), al\u00e9m de um trabalho em v\u00eddeo Linha \/ Fronteira \/ Risco (2019), de 16 janeiro a 16 de fevereiro de 2023. Renato Almeida vive e trabalha em S\u00e3o Paulo.<\/span><\/p><p><span style=\"color: #000000;\"><a style=\"color: #000000;\" href=\"http:\/\/almeidarenato.com\">almeidarenato.com<\/a><\/span><\/p><h6><span style=\"color: #000000;\"><strong>V<\/strong><b>ictor Harabura<\/b><\/span><\/h6><p><span style=\"color: #000000;\">Victor Harabura reside na cidade de S\u00e3o Paulo, Brasil. \u00c9 graduado em Artes Visuais e Hist\u00f3ria pela UNESP. O artista, aliando suas duas paix\u00f5es, Hist\u00f3ria e Artes Visuais, procura consolidar desejos e afec\u00e7\u00f5es temporais, transpor, por meio de suas cria\u00e7\u00f5es, a pot\u00eancia dos esp\u00edritos de \u00e9poca em ato. Seus trabalhos representam o ser humano, o homem comum, atrav\u00e9s de fragmentos das suas dores, seja por meio de peda\u00e7os de seus corpos, que expressam a totalidade de seus movimentos e sentimentos, ou por instantes de suas hist\u00f3rias. Suas esculturas ganham vida quando revelam as cicatrizes da vida social que abalam a alma humana. Entre seus trabalhos mais recentes, destaca-se a obra <em>Alvarinho<\/em>, que est\u00e1 instalada no museu a c\u00e9u aberto da cidade de Melga\u00e7o, Portugal. Esta obra ficou em 1\u00ba lugar no Concurso de Arte Urbana Mem\u00f3rias do Alvarinho de Melga\u00e7o 2021.\u00a0 Em 2021, foi selecionado pelo Programa de A\u00e7\u00e3o Cultural do estado de S\u00e3o Paulo (ProAC), com a obra <em>Kaingang<\/em>, instalada no Museu Ferrovi\u00e1rio Regional de Bauru.\u00a0 Atualmente est\u00e1 realizando o projeto Escultura \u00cdndia Vanu\u00edre, que foi selecionado pelo Programa de A\u00e7\u00e3o Cultural do estado de S\u00e3o Paulo (ProAC).<\/span><\/p><p><span style=\"color: #000000;\"><a style=\"color: #000000;\" href=\"https:\/\/victorharabura.wixsite.com\/escultura\">https:\/\/victorharabura.wixsite.com\/escultura<\/a><\/span><\/p><p><span style=\"color: #000000;\"><strong>Palestrante convidada<\/strong><\/span><\/p><h6><span style=\"color: #000000;\"><strong>Paula Karkoski Pereira<\/strong><\/span><\/h6><p><span style=\"color: #000000;\">Psic\u00f3loga, especialista em Neuropsicologia e formada em Arteterapia pelo Instituto Sedes Sapientiae, ingressou no Servi\u00e7o P\u00fablico em 2002, atuando em diversos equipamentos do SUS, at\u00e9 enfim mergulhar no Universo da Sa\u00fade Mental. Convidada a assumir em 2018 a diretoria da equipe t\u00e9cnica do N\u00facleo de Reabilita\u00e7\u00e3o F\u00edsica do Complexo Hospitalar do Juquery, desenvolveu atividades arteterap\u00eauticas no N\u00facleo de Oficinas e acompanhou o processo de desinstitucionaliza\u00e7\u00e3o dos \u00faltimos pacientes internos at\u00e9 o fechamento do Servi\u00e7o em 2021. Neste per\u00edodo, auxiliou a articula\u00e7\u00e3o de parcerias em oficinas desenvolvidas na comunidade local, inserindo os pacientes em projetos como o XiloJuca. Tamb\u00e9m participou da terceira e quarta edi\u00e7\u00f5es dos Semin\u00e1rios de Arte e Cultura do Festival Soy Loco por Ti Juquery. Desde ent\u00e3o, segue atuando com as mesmas atividades em outro \u00f3rg\u00e3o governamental, com o mesmo prop\u00f3sito: seguir com a luta antimanicomial e ofertar durante o per\u00edodo de institucionaliza\u00e7\u00e3o o resgate de processos criativos, da individualidade e o direito pela vida em liberdade.<\/span><\/p><p><span style=\"color: #000000;\"><strong>Arte Educadora<\/strong><\/span><\/p><h6><span style=\"color: #000000;\"><strong>Mariana Neves Duarte<\/strong><\/span><\/h6>\t\t\t\t\t\t<\/div>\n\t\t\t\t<\/div>\n\t\t\t\t\t<\/div>\n\t\t<\/div>\n\t\t\t\t\t<\/div>\n\t\t<\/section>\n\t\t\t\t<section class=\"elementor-section elementor-top-section elementor-element elementor-element-b7851ad elementor-section-boxed elementor-section-height-default elementor-section-height-default\" data-id=\"b7851ad\" data-element_type=\"section\">\n\t\t\t\t\t\t<div class=\"elementor-container elementor-column-gap-default\">\n\t\t\t\t\t<div class=\"elementor-column elementor-col-100 elementor-top-column elementor-element elementor-element-5c6b452\" data-id=\"5c6b452\" data-element_type=\"column\">\n\t\t\t<div class=\"elementor-widget-wrap elementor-element-populated\">\n\t\t\t\t\t\t<div class=\"elementor-element elementor-element-e9a5db3 elementor-widget elementor-widget-image\" data-id=\"e9a5db3\" data-element_type=\"widget\" data-widget_type=\"image.default\">\n\t\t\t\t<div class=\"elementor-widget-container\">\n\t\t\t<style>\/*! elementor - v3.21.0 - 26-05-2024 *\/\n.elementor-widget-image{text-align:center}.elementor-widget-image a{display:inline-block}.elementor-widget-image a img[src$=\".svg\"]{width:48px}.elementor-widget-image img{vertical-align:middle;display:inline-block}<\/style>\t\t\t\t\t\t\t\t\t\t<img fetchpriority=\"high\" decoding=\"async\" width=\"1024\" height=\"202\" src=\"https:\/\/aproximacoes.com.br\/wp-content\/uploads\/2023\/08\/barra-de-logos-nova-1024x202.jpg\" class=\"attachment-large size-large wp-image-566\" alt=\"\" srcset=\"https:\/\/aproximacoes.com.br\/wp-content\/uploads\/2023\/08\/barra-de-logos-nova-1024x202.jpg 1024w, https:\/\/aproximacoes.com.br\/wp-content\/uploads\/2023\/08\/barra-de-logos-nova-300x59.jpg 300w, https:\/\/aproximacoes.com.br\/wp-content\/uploads\/2023\/08\/barra-de-logos-nova-768x151.jpg 768w, https:\/\/aproximacoes.com.br\/wp-content\/uploads\/2023\/08\/barra-de-logos-nova-228x45.jpg 228w, https:\/\/aproximacoes.com.br\/wp-content\/uploads\/2023\/08\/barra-de-logos-nova.jpg 1198w\" sizes=\"(max-width: 1024px) 100vw, 1024px\" \/>\t\t\t\t\t\t\t\t\t\t\t\t\t<\/div>\n\t\t\t\t<\/div>\n\t\t\t\t\t<\/div>\n\t\t<\/div>\n\t\t\t\t\t<\/div>\n\t\t<\/section>\n\t\t\t\t<\/div>\n\t\t","protected":false},"excerpt":{"rendered":"<p>Artistas Convidados \u00a0\u00a0 Edmar Almeida Edmar Almeida \u00e9 artista e curador do projeto, p\u00f3s-graduado em processos art\u00edsticos pelo Unijales. Nasceu em Jales-SP, morou em Vit\u00f3ria Brasil e hoje mora em Caieiras- SP. \u00c9 diretor criativo da Bee Audiovisual Produ\u00e7\u00f5es Culturais, na qual atua desde 2012. \u00c9 artista, pesquisador, xilogravurista, performer e relaciona o corpo, mat\u00e9ria<\/p>\n<div><a class=\"btn-filled btn\" href=\"https:\/\/aproximacoes.com.br\/?page_id=53\" title=\"Artistas\">Read More<\/a><\/div>\n","protected":false},"author":1,"featured_media":0,"parent":0,"menu_order":0,"comment_status":"closed","ping_status":"closed","template":"elementor_header_footer","meta":{"footnotes":""},"class_list":["post-53","page","type-page","status-publish","hentry"],"_links":{"self":[{"href":"https:\/\/aproximacoes.com.br\/index.php?rest_route=\/wp\/v2\/pages\/53","targetHints":{"allow":["GET"]}}],"collection":[{"href":"https:\/\/aproximacoes.com.br\/index.php?rest_route=\/wp\/v2\/pages"}],"about":[{"href":"https:\/\/aproximacoes.com.br\/index.php?rest_route=\/wp\/v2\/types\/page"}],"author":[{"embeddable":true,"href":"https:\/\/aproximacoes.com.br\/index.php?rest_route=\/wp\/v2\/users\/1"}],"replies":[{"embeddable":true,"href":"https:\/\/aproximacoes.com.br\/index.php?rest_route=%2Fwp%2Fv2%2Fcomments&post=53"}],"version-history":[{"count":56,"href":"https:\/\/aproximacoes.com.br\/index.php?rest_route=\/wp\/v2\/pages\/53\/revisions"}],"predecessor-version":[{"id":577,"href":"https:\/\/aproximacoes.com.br\/index.php?rest_route=\/wp\/v2\/pages\/53\/revisions\/577"}],"wp:attachment":[{"href":"https:\/\/aproximacoes.com.br\/index.php?rest_route=%2Fwp%2Fv2%2Fmedia&parent=53"}],"curies":[{"name":"wp","href":"https:\/\/api.w.org\/{rel}","templated":true}]}}